{"id":846,"date":"2024-10-16T20:09:46","date_gmt":"2024-10-16T18:09:46","guid":{"rendered":"https:\/\/lectro-vibes.local\/?post_type=product&#038;p=846"},"modified":"2025-06-02T12:52:18","modified_gmt":"2025-06-02T10:52:18","slug":"tee-shirt-unisexe-souvenir-soirees","status":"publish","type":"product","link":"https:\/\/www.formagraph-exercice.fr\/pierrem\/electrovibes\/produit\/tee-shirt-unisexe-souvenir-soirees\/","title":{"rendered":"Tee-shirt unisexe souvenir soir\u00e9es !"},"content":{"rendered":"<p>Tee-shirt unisexe souvenir soir\u00e9e (coton bio), tailles du S au 3XL.<\/p>\n","protected":false},"excerpt":{"rendered":"<p>Ayez un souvenir inoubliable des soir\u00e9es \u00c9lectro Vibes. Avec ce tee-shirt unisexe en coton biologique de haute qualit\u00e9. Confortable et doux au toucher, ce t-shirt est con\u00e7u pour durer et offrir un style intemporel. Disponible en tailles allant du S au 3XL, il convient \u00e0 toutes les morphologies, avec une coupe classique qui s&rsquo;adapte aussi bien aux hommes qu&rsquo;aux femmes.<\/p>\n<p>Imprim\u00e9 avec un design unique rappelant l&rsquo;\u00e9v\u00e9nement, ce v\u00eatement est id\u00e9al pour ceux qui souhaitent garder un souvenir de votre soir\u00e9e En plus de son style \u00e9l\u00e9gant, il est fabriqu\u00e9 \u00e0 partir de coton biologique, respectueux de l&rsquo;environnement, pour un impact \u00e9cologique r\u00e9duit.<\/p>\n<p>Que vous recherchiez un v\u00eatement d\u00e9contract\u00e9 ou une pi\u00e8ce marquante \u00e0 ajouter \u00e0 votre collection de souvenirs, ce tee-shirt est le choix parfait !<\/p>\n","protected":false},"featured_media":2121,"comment_status":"open","ping_status":"closed","template":"","meta":{"_kad_post_transparent":"default","_kad_post_title":"","_kad_post_layout":"default","_kad_post_sidebar_id":"","_kad_post_content_style":"default","_kad_post_vertical_padding":"default","_kad_post_feature":"","_kad_post_feature_position":"","_kad_post_header":false,"_kad_post_footer":false,"_kad_post_classname":""},"product_brand":[],"product_cat":[19],"product_tag":[46,42,21],"class_list":{"0":"post-846","1":"product","2":"type-product","3":"status-publish","4":"has-post-thumbnail","6":"product_cat-vetements","7":"product_tag-couleur-bleue","8":"product_tag-couleur-verte","9":"product_tag-tee-shirt","11":"first","12":"instock","13":"taxable","14":"shipping-taxable","15":"purchasable","16":"product-type-variable","17":"entry","18":"content-bg","19":"loop-entry"},"_links":{"self":[{"href":"https:\/\/www.formagraph-exercice.fr\/pierrem\/electrovibes\/wp-json\/wp\/v2\/product\/846","targetHints":{"allow":["GET"]}}],"collection":[{"href":"https:\/\/www.formagraph-exercice.fr\/pierrem\/electrovibes\/wp-json\/wp\/v2\/product"}],"about":[{"href":"https:\/\/www.formagraph-exercice.fr\/pierrem\/electrovibes\/wp-json\/wp\/v2\/types\/product"}],"replies":[{"embeddable":true,"href":"https:\/\/www.formagraph-exercice.fr\/pierrem\/electrovibes\/wp-json\/wp\/v2\/comments?post=846"}],"wp:featuredmedia":[{"embeddable":true,"href":"https:\/\/www.formagraph-exercice.fr\/pierrem\/electrovibes\/wp-json\/wp\/v2\/media\/2121"}],"wp:attachment":[{"href":"https:\/\/www.formagraph-exercice.fr\/pierrem\/electrovibes\/wp-json\/wp\/v2\/media?parent=846"}],"wp:term":[{"taxonomy":"product_brand","embeddable":true,"href":"https:\/\/www.formagraph-exercice.fr\/pierrem\/electrovibes\/wp-json\/wp\/v2\/product_brand?post=846"},{"taxonomy":"product_cat","embeddable":true,"href":"https:\/\/www.formagraph-exercice.fr\/pierrem\/electrovibes\/wp-json\/wp\/v2\/product_cat?post=846"},{"taxonomy":"product_tag","embeddable":true,"href":"https:\/\/www.formagraph-exercice.fr\/pierrem\/electrovibes\/wp-json\/wp\/v2\/product_tag?post=846"}],"curies":[{"name":"wp","href":"https:\/\/api.w.org\/{rel}","templated":true}]}}