{"id":798,"date":"2024-10-16T17:02:47","date_gmt":"2024-10-16T15:02:47","guid":{"rendered":"https:\/\/lectro-vibes.local\/?post_type=product&#038;p=798"},"modified":"2025-06-02T12:58:09","modified_gmt":"2025-06-02T10:58:09","slug":"pull","status":"publish","type":"product","link":"https:\/\/www.formagraph-exercice.fr\/pierrem\/electrovibes\/produit\/pull\/","title":{"rendered":"Pull unisexe souvenir soir\u00e9es !"},"content":{"rendered":"<p>Pull unisexe souvenir soir\u00e9e (coton bio), tailles du S au 3XL.<\/p>\n","protected":false},"excerpt":{"rendered":"<p>Ayez un souvenir inoubliable des soir\u00e9es \u00c9lectro Vibes, avec ce Pull \u00e0 l&rsquo;effigie des soir\u00e9es<\/p>\n<p>Disponible en tailles allant du S au 3XL, il convient \u00e0 toutes les morphologies, avec une coupe classique qui s&rsquo;adapte aussi bien aux hommes qu&rsquo;aux femmes.<\/p>\n<p>Imprim\u00e9 avec un design unique rappelant l&rsquo;\u00e9v\u00e9nement, ce v\u00eatement est id\u00e9al pour ceux qui souhaitent garder un souvenir de votre soir\u00e9e En plus de son style \u00e9l\u00e9gant, il est fabriqu\u00e9 \u00e0 partir de coton biologique, respectueux de l&rsquo;environnement, pour un impact \u00e9cologique r\u00e9duit.<\/p>\n<p>Que vous recherchiez un v\u00eatement d\u00e9contract\u00e9 ou une pi\u00e8ce marquante \u00e0 ajouter \u00e0 votre collection de souvenirs, ce pull est le choix parfait et ira bien pour les froides soir\u00e9es d&rsquo;hiver ou bien les fra\u00eeches soir\u00e9es d&rsquo;\u00e9t\u00e9 !<\/p>\n","protected":false},"featured_media":2124,"comment_status":"open","ping_status":"closed","template":"","meta":{"_kad_post_transparent":"default","_kad_post_title":"","_kad_post_layout":"default","_kad_post_sidebar_id":"","_kad_post_content_style":"default","_kad_post_vertical_padding":"default","_kad_post_feature":"","_kad_post_feature_position":"","_kad_post_header":false,"_kad_post_footer":false,"_kad_post_classname":""},"product_brand":[],"product_cat":[19],"product_tag":[38],"class_list":{"0":"post-798","1":"product","2":"type-product","3":"status-publish","4":"has-post-thumbnail","6":"product_cat-vetements","7":"product_tag-pull","9":"first","10":"instock","11":"taxable","12":"shipping-taxable","13":"purchasable","14":"product-type-variable","15":"entry","16":"content-bg","17":"loop-entry"},"_links":{"self":[{"href":"https:\/\/www.formagraph-exercice.fr\/pierrem\/electrovibes\/wp-json\/wp\/v2\/product\/798","targetHints":{"allow":["GET"]}}],"collection":[{"href":"https:\/\/www.formagraph-exercice.fr\/pierrem\/electrovibes\/wp-json\/wp\/v2\/product"}],"about":[{"href":"https:\/\/www.formagraph-exercice.fr\/pierrem\/electrovibes\/wp-json\/wp\/v2\/types\/product"}],"replies":[{"embeddable":true,"href":"https:\/\/www.formagraph-exercice.fr\/pierrem\/electrovibes\/wp-json\/wp\/v2\/comments?post=798"}],"wp:featuredmedia":[{"embeddable":true,"href":"https:\/\/www.formagraph-exercice.fr\/pierrem\/electrovibes\/wp-json\/wp\/v2\/media\/2124"}],"wp:attachment":[{"href":"https:\/\/www.formagraph-exercice.fr\/pierrem\/electrovibes\/wp-json\/wp\/v2\/media?parent=798"}],"wp:term":[{"taxonomy":"product_brand","embeddable":true,"href":"https:\/\/www.formagraph-exercice.fr\/pierrem\/electrovibes\/wp-json\/wp\/v2\/product_brand?post=798"},{"taxonomy":"product_cat","embeddable":true,"href":"https:\/\/www.formagraph-exercice.fr\/pierrem\/electrovibes\/wp-json\/wp\/v2\/product_cat?post=798"},{"taxonomy":"product_tag","embeddable":true,"href":"https:\/\/www.formagraph-exercice.fr\/pierrem\/electrovibes\/wp-json\/wp\/v2\/product_tag?post=798"}],"curies":[{"name":"wp","href":"https:\/\/api.w.org\/{rel}","templated":true}]}}