{"id":1543,"date":"2024-10-27T11:02:00","date_gmt":"2024-10-27T10:02:00","guid":{"rendered":"https:\/\/lectro-vibes.local\/?post_type=product&#038;p=1543"},"modified":"2025-02-24T14:12:35","modified_gmt":"2025-02-24T13:12:35","slug":"abonnement-annuel","status":"publish","type":"product","link":"https:\/\/www.formagraph-exercice.fr\/pierrem\/electrovibes\/produit\/abonnement-annuel\/","title":{"rendered":"Abonnement \u00ab\u00a0Annuel\u00a0\u00bb"},"content":{"rendered":"<p><strong>05 juin 2025 :<\/strong><\/p>\n<ul>\n<li>DJ Ridou (Sc\u00e8ne du 9M2)<\/li>\n<li>Le Wolf (Sc\u00e8ne du Loft)<\/li>\n<\/ul>\n<p><strong>10 juillet 2025 :<\/strong><\/p>\n<ul>\n<li>Animals (Sc\u00e8ne du Loft)<\/li>\n<li>The Lemon (Sc\u00e8ne du 9M2)<\/li>\n<\/ul>\n<p><strong>14 ao\u00fbt 2025 :<\/strong><\/p>\n<ul>\n<li>Animations Soir\u00e9e \u00ab Grosses t\u00eates locale \u00bb (Sc\u00e8ne du 9M2)<\/li>\n<li>100 % DJ Matafan (Sc\u00e8ne du Loft)<\/li>\n<\/ul>\n<p><strong>11 septembre 2025 :<\/strong><\/p>\n<ul>\n<li>DJ Salt (Sc\u00e8ne du 9M2)<\/li>\n<li>Les Smiles (Sc\u00e8ne du Loft)<\/li>\n<\/ul>\n<p><strong>02 octobre 2025 :<\/strong><\/p>\n<ul>\n<li>Basstag (Sc\u00e8ne du 9M2)<\/li>\n<li>Neoperreo Fuego (Sc\u00e8ne du Loft)<\/li>\n<\/ul>\n<p><strong>06 novembre 2025 :<\/strong><\/p>\n<ul>\n<li>Animations Soir\u00e9es (Sc\u00e8ne du 9M2)<\/li>\n<li>Bagarre (Sc\u00e8ne du Loft)<\/li>\n<\/ul>\n<p><strong>11 d\u00e9cembre 2025 :<\/strong><\/p>\n<ul>\n<li>DJ LIZZ TOMASA DEL REAL (Sc\u00e8ne du 9M2)<\/li>\n<li>Gedeon (Sc\u00e8ne du Loft)<\/li>\n<\/ul>\n<p><strong>31 d\u00e9cembre 2025 :<\/strong><\/p>\n<ul>\n<li>Animations Soir\u00e9e \u00ab Grosses t\u00eates locales \u00bb (Sc\u00e8ne du 9M2)<\/li>\n<li>100 % Pascal Letoublon (Sc\u00e8ne du Loft)<\/li>\n<\/ul>\n<p><strong>29 janvier 2026 :<\/strong><\/p>\n<ul>\n<li>The Bebas (Sc\u00e8ne du 9M2)<\/li>\n<li>DJ Zebra (Sc\u00e8ne du Loft)<\/li>\n<\/ul>\n<p><strong>12 f\u00e9vrier 2026 :<\/strong><\/p>\n<ul>\n<li>Animations Soir\u00e9es (Sc\u00e8ne du 9M2)<\/li>\n<li>Nathalie Froehlich (Sc\u00e8ne du Loft)<\/li>\n<\/ul>\n<p><strong>29 mars 2026 :<\/strong><\/p>\n<ul>\n<li>The Hunger (Sc\u00e8ne du 9M2)<\/li>\n<li>Younuts (Sc\u00e8ne du Loft)<\/li>\n<\/ul>\n<p><strong>16 avril 2026 :<\/strong><\/p>\n<ul>\n<li>Magic DJ (Sc\u00e8ne du 9M2)<\/li>\n<li>DJ Maystro (Sc\u00e8ne du Loft)<\/li>\n<\/ul>\n<p><strong>14 mai 2026 :<\/strong><\/p>\n<ul>\n<li>ODT DJ (Sc\u00e8ne du 9M2)<\/li>\n<li>The Juan MacClean (Sc\u00e8ne du Loft)<\/li>\n<\/ul>\n<p><strong>Avantages exclusifs de l\u2019abonnement annuel<\/strong><\/p>\n<p><strong>-Acc\u00e8s illimit\u00e9 \u00e0 toutes les soir\u00e9es \u00c9lectro Vibes de la saison, pour profiter des meilleures performances sans aucune restriction.<\/strong><br \/>\n<strong>&#8211; Le casque VR est compris dans cet abonnement, pour une immersion totale et d\u00e9couvrir chaque performance de mani\u00e8re in\u00e9dite.<\/strong><br \/>\n<strong>&#8211; 1 plat compris (par soir\u00e9e) et boissons illimit\u00e9es (par soir\u00e9es), toute l\u2019ann\u00e9e pour profiter pleinement des soir\u00e9es et de l&rsquo;ambiance.<\/strong><\/p>\n<p><strong>Il y a une promotion de No\u00ebl entre le 1 et 24 d\u00e9cembre 2025, ainsi qu&rsquo;a partir de janvier 2026 jusqu&rsquo;au 12 f\u00e9vrier), ou l&rsquo;abonnement passe \u00e0 123,30 euros.<\/strong><\/p>\n<p><strong>Laissez-vous emporter par une ann\u00e9e compl\u00e8te de musique \u00e9lectro avec l&rsquo;abonnement annuel \u00c9lectro Vibes ! R\u00e9servez d\u00e8s maintenant pour ne rien manquer et profiter de chaque instant en compagnie des meilleurs artistes de la sc\u00e8ne.<\/strong><\/p>\n","protected":false},"excerpt":{"rendered":"<p>Abonnement Annuel \u2013 Soir\u00e9es \u00c9lectro Vibes : Une ann\u00e9e de musique, d\u2019ambiance et d\u2019avantages exclusifs !<\/p>\n<p>Plongez dans l&rsquo;univers de l&rsquo;\u00e9lectro tout au long de l&rsquo;ann\u00e9e avec l&rsquo;abonnement annuel \u00c9lectro Vibes. Cet abonnement vous ouvre les portes de **toutes les soir\u00e9es** de la saison 2025 &#8211; 2026, pour ne rater aucun \u00e9v\u00e9nement et profiter d\u2019une ambiance incomparable avec les meilleurs DJs et artistes de la sc\u00e8ne \u00e9lectro.<\/p>\n<p>Avec l&rsquo;abonnement annuel, acc\u00e9dez \u00e0 des performances exceptionnelles, comme **DJ Matafan le 14 ao\u00fbt 2025** et **Pascal Letoublon le 31 d\u00e9cembre 2025**, ainsi qu&rsquo;\u00e0 bien d&rsquo;autres artistes et soir\u00e9es m\u00e9morables.<\/p>\n","protected":false},"featured_media":2040,"comment_status":"open","ping_status":"closed","template":"","meta":{"_kad_post_transparent":"default","_kad_post_title":"","_kad_post_layout":"default","_kad_post_sidebar_id":"","_kad_post_content_style":"default","_kad_post_vertical_padding":"default","_kad_post_feature":"","_kad_post_feature_position":"","_kad_post_header":false,"_kad_post_footer":false,"_kad_post_classname":""},"product_brand":[],"product_cat":[47],"product_tag":[56,48],"class_list":{"0":"post-1543","1":"product","2":"type-product","3":"status-publish","4":"has-post-thumbnail","6":"product_cat-billetterie","7":"product_tag-annuel","8":"product_tag-billetterie","9":"pa_dates-annuel-promo-noel","10":"pa_dates-annuel-2025-2026-tarif-normal","12":"first","13":"instock","14":"taxable","15":"shipping-taxable","16":"purchasable","17":"product-type-variable","18":"entry","19":"content-bg","20":"loop-entry"},"_links":{"self":[{"href":"https:\/\/www.formagraph-exercice.fr\/pierrem\/electrovibes\/wp-json\/wp\/v2\/product\/1543","targetHints":{"allow":["GET"]}}],"collection":[{"href":"https:\/\/www.formagraph-exercice.fr\/pierrem\/electrovibes\/wp-json\/wp\/v2\/product"}],"about":[{"href":"https:\/\/www.formagraph-exercice.fr\/pierrem\/electrovibes\/wp-json\/wp\/v2\/types\/product"}],"replies":[{"embeddable":true,"href":"https:\/\/www.formagraph-exercice.fr\/pierrem\/electrovibes\/wp-json\/wp\/v2\/comments?post=1543"}],"wp:featuredmedia":[{"embeddable":true,"href":"https:\/\/www.formagraph-exercice.fr\/pierrem\/electrovibes\/wp-json\/wp\/v2\/media\/2040"}],"wp:attachment":[{"href":"https:\/\/www.formagraph-exercice.fr\/pierrem\/electrovibes\/wp-json\/wp\/v2\/media?parent=1543"}],"wp:term":[{"taxonomy":"product_brand","embeddable":true,"href":"https:\/\/www.formagraph-exercice.fr\/pierrem\/electrovibes\/wp-json\/wp\/v2\/product_brand?post=1543"},{"taxonomy":"product_cat","embeddable":true,"href":"https:\/\/www.formagraph-exercice.fr\/pierrem\/electrovibes\/wp-json\/wp\/v2\/product_cat?post=1543"},{"taxonomy":"product_tag","embeddable":true,"href":"https:\/\/www.formagraph-exercice.fr\/pierrem\/electrovibes\/wp-json\/wp\/v2\/product_tag?post=1543"}],"curies":[{"name":"wp","href":"https:\/\/api.w.org\/{rel}","templated":true}]}}