{"id":1108,"date":"2024-10-22T07:44:35","date_gmt":"2024-10-22T05:44:35","guid":{"rendered":"https:\/\/lectro-vibes.local\/?post_type=product&#038;p=1108"},"modified":"2025-12-25T18:29:11","modified_gmt":"2025-12-25T17:29:11","slug":"abonnement-3-mois","status":"publish","type":"product","link":"https:\/\/www.formagraph-exercice.fr\/pierrem\/electrovibes\/produit\/abonnement-3-mois\/","title":{"rendered":"Abonnement \u00ab\u00a03 mois\u00a0\u00bb"},"content":{"rendered":"<p>Voici les dates disponibles pour composer votre trio de soir\u00e9es parfaites :<\/p>\n<p><strong>05 juin 2025 :<\/strong><\/p>\n<ul>\n<li>DJ Ridou (Sc\u00e8ne du 9M2)<\/li>\n<li>Le Wolf (Sc\u00e8ne du Loft)<\/li>\n<\/ul>\n<p><strong>10 juillet 2025 :<\/strong><\/p>\n<ul>\n<li>Animals (Sc\u00e8ne du Loft)<\/li>\n<li>The Lemon (Sc\u00e8ne du 9M2)<\/li>\n<\/ul>\n<p><strong>14 ao\u00fbt 2025 :<\/strong><\/p>\n<ul>\n<li>Animations Soir\u00e9e \u00ab Grosses t\u00eates locale \u00bb (Sc\u00e8ne du 9M2)<\/li>\n<li>100 % DJ Matafan (Sc\u00e8ne du Loft)<\/li>\n<\/ul>\n<p><strong>11 septembre 2025 :<\/strong><\/p>\n<ul>\n<li>DJ Salt (Sc\u00e8ne du 9M2)<\/li>\n<li>Les Smiles (Sc\u00e8ne du Loft)<\/li>\n<\/ul>\n<p><strong>02 octobre 2025 :<\/strong><\/p>\n<ul>\n<li>Basstag (Sc\u00e8ne du 9M2)<\/li>\n<li>Neoperreo Fuego (Sc\u00e8ne du Loft)<\/li>\n<\/ul>\n<p><strong>06 novembre 2025 :<\/strong><\/p>\n<ul>\n<li>Animations Soir\u00e9es (Sc\u00e8ne du 9M2)<\/li>\n<li>Bagarre (Sc\u00e8ne du Loft)<\/li>\n<\/ul>\n<p><strong>11 d\u00e9cembre 2025 :<\/strong><\/p>\n<ul>\n<li>DJ LIZZ TOMASA DEL REAL (Sc\u00e8ne du 9M2)<\/li>\n<li>Gedeon (Sc\u00e8ne du Loft)<\/li>\n<\/ul>\n<p><strong>31 d\u00e9cembre 2025 :<\/strong><\/p>\n<ul>\n<li>Animations Soir\u00e9e \u00ab Grosses t\u00eates locales \u00bb (Sc\u00e8ne du 9M2)<\/li>\n<li>100 % Pascal Letoublon (Sc\u00e8ne du Loft)<\/li>\n<\/ul>\n<p><strong>29 janvier 2026 :<\/strong><\/p>\n<ul>\n<li>The Bebas (Sc\u00e8ne du 9M2)<\/li>\n<li>DJ Zebra (Sc\u00e8ne du Loft)<\/li>\n<\/ul>\n<p><strong>12 f\u00e9vrier 2026 :<\/strong><\/p>\n<ul>\n<li>Animations Soir\u00e9es (Sc\u00e8ne du 9M2)<\/li>\n<li>Nathalie Froehlich (Sc\u00e8ne du Loft)<\/li>\n<\/ul>\n<p><strong>29 mars 2026 :<\/strong><\/p>\n<ul>\n<li>The Hunger (Sc\u00e8ne du 9M2)<\/li>\n<li>Younuts (Sc\u00e8ne du Loft)<\/li>\n<\/ul>\n<p><strong>16 avril 2026 :<\/strong><\/p>\n<ul>\n<li>Magic DJ (Sc\u00e8ne du 9M2)<\/li>\n<li>DJ Maystro (Sc\u00e8ne du Loft)<\/li>\n<\/ul>\n<p><strong>14 mai 2026 :<\/strong><\/p>\n<ul>\n<li>ODT DJ (Sc\u00e8ne du 9M2)<\/li>\n<li>The Juan MacClean (Sc\u00e8ne du Loft)<\/li>\n<\/ul>\n<p><strong>Avantages exclusifs de l&rsquo;abonnement 3 mois :<\/strong><\/p>\n<ul>\n<li><strong>Choisissez 3 soir\u00e9es non cons\u00e9cutives parmi les dates ci-dessus.<\/strong><\/li>\n<li><strong>R\u00e9duction de 10% sur le tarif plein du casque VR, pour une exp\u00e9rience immersive unique et profiter de vos artistes pr\u00e9f\u00e9r\u00e9s comme si vous y \u00e9tiez.<\/strong><\/li>\n<li><strong>Plats et boissons \u00e0 moiti\u00e9 prix lors de chaque soir\u00e9e, par rapport au tarif pay\u00e9 avec un abonnement 1 jour, pour une exp\u00e9rience compl\u00e8te \u00e0 moindre co\u00fbt !<\/strong><\/li>\n<\/ul>\n<p><strong>Il y a une promotion estivale entre le 1 et le 13 ao\u00fbt 2025 sur l&rsquo;abonnement 2 mois (Dj Matafan et Pascal Letoublon) l&rsquo;abonnement passe \u00e0 34,5, ainsi que la location casque VR passe \u00e0 5 euros pour cet abonnement.<\/strong><\/p>\n<p><strong>R\u00e9servez votre abonnement 3 mois d\u00e8s maintenant et profitez pleinement des \u00c9lectro Vibes avec des avantages exclusifs pour une exp\u00e9rience \u00e9lectro inoubliable !<\/strong><\/p>\n","protected":false},"excerpt":{"rendered":"<p><strong>Abonnement \u00ab\u00a03 mois\u00a0\u00bb \u2013 Soir\u00e9es \u00c9lectro Vibes\u00a0 = 3 soir\u00e9es, 3 fois plus de fun et des avantages exclusifs !<\/strong><\/p>\n<p>Avec cet abonnement, profitez d&rsquo;une offre exceptionnelle. Choisissez 3 soir\u00e9es parmi les \u00e9v\u00e9nements \u00e9lectro de la saison 2025 &#8211; 2026 et vivez des exp\u00e9riences uniques sur 3 dates non cons\u00e9cutives. Chaque soir\u00e9e vous immerge dans une ambiance \u00e9lectrisante, avec les meilleurs DJs et des moments inoubliables.<\/p>\n","protected":false},"featured_media":2052,"comment_status":"open","ping_status":"closed","template":"","meta":{"_kad_post_transparent":"default","_kad_post_title":"","_kad_post_layout":"default","_kad_post_sidebar_id":"","_kad_post_content_style":"default","_kad_post_vertical_padding":"default","_kad_post_feature":"","_kad_post_feature_position":"","_kad_post_header":false,"_kad_post_footer":false,"_kad_post_classname":""},"product_brand":[],"product_cat":[47],"product_tag":[50,48],"class_list":{"0":"post-1108","1":"product","2":"type-product","3":"status-publish","4":"has-post-thumbnail","6":"product_cat-billetterie","7":"product_tag-3-mois","8":"product_tag-billetterie","9":"pa_dates-02-octobre-2025-06-novembre-2025-11-decembre-2025","10":"pa_dates-05-juin-2025-10-juillet-2025-11-septembre-2025","11":"pa_dates-14-aout-2025-31-decembre-2025","12":"pa_dates-29-janvier-2026-12-fevrier-2026","13":"pa_dates-29-mars-2026-16-avril-2026-14-mai-2026","15":"first","16":"instock","17":"taxable","18":"shipping-taxable","19":"purchasable","20":"product-type-variable","21":"entry","22":"content-bg","23":"loop-entry"},"_links":{"self":[{"href":"https:\/\/www.formagraph-exercice.fr\/pierrem\/electrovibes\/wp-json\/wp\/v2\/product\/1108","targetHints":{"allow":["GET"]}}],"collection":[{"href":"https:\/\/www.formagraph-exercice.fr\/pierrem\/electrovibes\/wp-json\/wp\/v2\/product"}],"about":[{"href":"https:\/\/www.formagraph-exercice.fr\/pierrem\/electrovibes\/wp-json\/wp\/v2\/types\/product"}],"replies":[{"embeddable":true,"href":"https:\/\/www.formagraph-exercice.fr\/pierrem\/electrovibes\/wp-json\/wp\/v2\/comments?post=1108"}],"wp:featuredmedia":[{"embeddable":true,"href":"https:\/\/www.formagraph-exercice.fr\/pierrem\/electrovibes\/wp-json\/wp\/v2\/media\/2052"}],"wp:attachment":[{"href":"https:\/\/www.formagraph-exercice.fr\/pierrem\/electrovibes\/wp-json\/wp\/v2\/media?parent=1108"}],"wp:term":[{"taxonomy":"product_brand","embeddable":true,"href":"https:\/\/www.formagraph-exercice.fr\/pierrem\/electrovibes\/wp-json\/wp\/v2\/product_brand?post=1108"},{"taxonomy":"product_cat","embeddable":true,"href":"https:\/\/www.formagraph-exercice.fr\/pierrem\/electrovibes\/wp-json\/wp\/v2\/product_cat?post=1108"},{"taxonomy":"product_tag","embeddable":true,"href":"https:\/\/www.formagraph-exercice.fr\/pierrem\/electrovibes\/wp-json\/wp\/v2\/product_tag?post=1108"}],"curies":[{"name":"wp","href":"https:\/\/api.w.org\/{rel}","templated":true}]}}