{"id":1070,"date":"2024-10-21T17:01:16","date_gmt":"2024-10-21T15:01:16","guid":{"rendered":"https:\/\/lectro-vibes.local\/?post_type=product&#038;p=1070"},"modified":"2025-12-25T18:29:11","modified_gmt":"2025-12-25T17:29:11","slug":"billetterie-1-jour-2","status":"publish","type":"product","link":"https:\/\/www.formagraph-exercice.fr\/pierrem\/electrovibes\/produit\/billetterie-1-jour-2\/","title":{"rendered":"Abonnement \u00ab\u00a01 jour\u00a0\u00bb"},"content":{"rendered":"<p>Faites votre choix parmi les dates suivantes :<\/p>\n<p><strong>05 juin 2025 :<\/strong><\/p>\n<ul>\n<li>DJ Ridou (Sc\u00e8ne du 9M2)<\/li>\n<li>Le Wolf (Sc\u00e8ne du Loft)<\/li>\n<\/ul>\n<p><strong>10 juillet 2025 :<\/strong><\/p>\n<ul>\n<li>Animals (Sc\u00e8ne du Loft)<\/li>\n<li>The Lemon (Sc\u00e8ne du 9M2)<\/li>\n<\/ul>\n<p><strong>14 ao\u00fbt 2025 :<\/strong><\/p>\n<ul>\n<li>Animations Soir\u00e9e \u00ab Grosses t\u00eates locale \u00bb (Sc\u00e8ne du 9M2)<\/li>\n<li>100 % DJ Matafan (Sc\u00e8ne du Loft)<\/li>\n<\/ul>\n<p><strong>11 septembre 2025 :<\/strong><\/p>\n<ul>\n<li>DJ Salt (Sc\u00e8ne du 9M2)<\/li>\n<li>Les Smiles (Sc\u00e8ne du Loft)<\/li>\n<\/ul>\n<p><strong>02 octobre 2025 :<\/strong><\/p>\n<ul>\n<li>Basstag (Sc\u00e8ne du 9M2)<\/li>\n<li>Neoperreo Fuego (Sc\u00e8ne du Loft)<\/li>\n<\/ul>\n<p><strong>06 novembre 2025 :<\/strong><\/p>\n<ul>\n<li>Animations Soir\u00e9es (Sc\u00e8ne du 9M2)<\/li>\n<li>Bagarre (Sc\u00e8ne du Loft)<\/li>\n<\/ul>\n<p><strong>11 d\u00e9cembre 2025 :<\/strong><\/p>\n<ul>\n<li>DJ LIZZ TOMASA DEL REAL (Sc\u00e8ne du 9M2)<\/li>\n<li>Gedeon (Sc\u00e8ne du Loft)<\/li>\n<\/ul>\n<p><strong>31 d\u00e9cembre 2025 :<\/strong><\/p>\n<ul>\n<li>Animations Soir\u00e9e \u00ab Grosses t\u00eates locales \u00bb (Sc\u00e8ne du 9M2)<\/li>\n<li>100 % Pascal Letoublon (Sc\u00e8ne du Loft)<\/li>\n<\/ul>\n<p><strong>29 janvier 2026 :<\/strong><\/p>\n<ul>\n<li>The Bebas (Sc\u00e8ne du 9M2)<\/li>\n<li>DJ Zebra (Sc\u00e8ne du Loft)<\/li>\n<\/ul>\n<p><strong>12 f\u00e9vrier 2026 :<\/strong><\/p>\n<ul>\n<li>Animations Soir\u00e9es (Sc\u00e8ne du 9M2)<\/li>\n<li>Nathalie Froehlich (Sc\u00e8ne du Loft)<\/li>\n<\/ul>\n<p><strong>29 mars 2026 :<\/strong><\/p>\n<ul>\n<li>The Hunger (Sc\u00e8ne du 9M2)<\/li>\n<li>Younuts (Sc\u00e8ne du Loft)<\/li>\n<\/ul>\n<p><strong>16 avril 2026 :<\/strong><\/p>\n<ul>\n<li>Magic DJ (Sc\u00e8ne du 9M2)<\/li>\n<li>DJ Maystro (Sc\u00e8ne du Loft)<\/li>\n<\/ul>\n<p><strong>14 mai 2026 :<\/strong><\/p>\n<ul>\n<li>ODT DJ (Sc\u00e8ne du 9M2)<\/li>\n<li>The Juan MacClean (Sc\u00e8ne du Loft)<\/li>\n<\/ul>\n<p><strong>Compris dans le tarif 1 jour, une boisson \u00e0 moiti\u00e9 prix.<\/strong><\/p>\n<p><strong>Vous avez la possibilit\u00e9 d&rsquo;ajouter comme option :<\/strong><\/p>\n<p><strong>-La location de casque vr, pour une exp\u00e9rience immersive unique et profiter de vos artistes pr\u00e9f\u00e9r\u00e9s comme si vous y \u00e9tiez (tarif indiqu\u00e9 lors de la commande en ligne).<\/strong><\/p>\n<p><strong>Vous avez une r\u00e9duction pour cette abonnement entre le 1 au 24 d\u00e9cembre 2025 (pour une des soir\u00e9es 2026), l&rsquo;abonnement sera \u00e0 13,50 euros.<\/strong><\/p>\n<p><strong>R\u00e9servez votre abonnement 1 jour pour vivre une soir\u00e9e intense et inoubliable !<\/strong><\/p>\n","protected":false},"excerpt":{"rendered":"<p><strong>Abonnement \u00ab\u00a01 jour\u00a0\u00bb \u2013 Soir\u00e9es \u00c9lectro Vibes = Plongez lors d&rsquo;une soir\u00e9e au c\u0153ur de la f\u00eate !<\/strong><\/p>\n<p>Venez vibrer au rythme des soir\u00e9es \u00c9lectro Vibes, une s\u00e9rie d\u2019\u00e9v\u00e9nements \u00e9lectrisants r\u00e9unissant les meilleurs artistes de la sc\u00e8ne \u00e9lectro actuelle locale. Avec des line-ups vari\u00e9s tout au long de l\u2019ann\u00e9e, chaque soir\u00e9e promet une exp\u00e9rience unique entre beats puissants, atmosph\u00e8res enflamm\u00e9es et performances spectaculaires.<\/p>\n","protected":false},"featured_media":2053,"comment_status":"open","ping_status":"closed","template":"","meta":{"_kad_post_transparent":"default","_kad_post_title":"","_kad_post_layout":"default","_kad_post_sidebar_id":"","_kad_post_content_style":"default","_kad_post_vertical_padding":"default","_kad_post_feature":"","_kad_post_feature_position":"","_kad_post_header":false,"_kad_post_footer":false,"_kad_post_classname":""},"product_brand":[],"product_cat":[47],"product_tag":[49,48],"class_list":{"0":"post-1070","1":"product","2":"type-product","3":"status-publish","4":"has-post-thumbnail","6":"product_cat-billetterie","7":"product_tag-1-jour","8":"product_tag-billetterie","9":"pa_dates-02-octobre-2025","10":"pa_dates-05-juin-2025","11":"pa_dates-06-novembre-2025","12":"pa_dates-10-juillet-2025","13":"pa_dates-11-decembre-2025","14":"pa_dates-11-septembre-2025","15":"pa_dates-12-fevrier-2026","16":"pa_dates-14-aout-2025","17":"pa_dates-14-mai-2026","18":"pa_dates-16-avril-2026","19":"pa_dates-29-janvier-2026","20":"pa_dates-29-mars-2026","21":"pa_dates-31-decembre-2025","23":"first","24":"instock","25":"taxable","26":"shipping-taxable","27":"purchasable","28":"product-type-variable","29":"entry","30":"content-bg","31":"loop-entry"},"_links":{"self":[{"href":"https:\/\/www.formagraph-exercice.fr\/pierrem\/electrovibes\/wp-json\/wp\/v2\/product\/1070","targetHints":{"allow":["GET"]}}],"collection":[{"href":"https:\/\/www.formagraph-exercice.fr\/pierrem\/electrovibes\/wp-json\/wp\/v2\/product"}],"about":[{"href":"https:\/\/www.formagraph-exercice.fr\/pierrem\/electrovibes\/wp-json\/wp\/v2\/types\/product"}],"replies":[{"embeddable":true,"href":"https:\/\/www.formagraph-exercice.fr\/pierrem\/electrovibes\/wp-json\/wp\/v2\/comments?post=1070"}],"wp:featuredmedia":[{"embeddable":true,"href":"https:\/\/www.formagraph-exercice.fr\/pierrem\/electrovibes\/wp-json\/wp\/v2\/media\/2053"}],"wp:attachment":[{"href":"https:\/\/www.formagraph-exercice.fr\/pierrem\/electrovibes\/wp-json\/wp\/v2\/media?parent=1070"}],"wp:term":[{"taxonomy":"product_brand","embeddable":true,"href":"https:\/\/www.formagraph-exercice.fr\/pierrem\/electrovibes\/wp-json\/wp\/v2\/product_brand?post=1070"},{"taxonomy":"product_cat","embeddable":true,"href":"https:\/\/www.formagraph-exercice.fr\/pierrem\/electrovibes\/wp-json\/wp\/v2\/product_cat?post=1070"},{"taxonomy":"product_tag","embeddable":true,"href":"https:\/\/www.formagraph-exercice.fr\/pierrem\/electrovibes\/wp-json\/wp\/v2\/product_tag?post=1070"}],"curies":[{"name":"wp","href":"https:\/\/api.w.org\/{rel}","templated":true}]}}